{"id":14418,"date":"2026-03-07T04:11:39","date_gmt":"2026-03-07T04:11:39","guid":{"rendered":"https:\/\/perspectivehub.shop\/?post_type=product&#038;p=14418"},"modified":"2026-03-07T04:16:39","modified_gmt":"2026-03-07T04:16:39","slug":"elephant-design-electric-toy-1-box-cute-elephant-riding-a-tricycle-toy-with-ball-musical-toy-for-kids-birthday-gift-for-boys-girls","status":"publish","type":"product","link":"https:\/\/perspectivehub.shop\/de\/produkt\/elephant-design-electric-toy-1-box-cute-elephant-riding-a-tricycle-toy-with-ball-musical-toy-for-kids-birthday-gift-for-boys-girls\/","title":{"rendered":"Elefant Design Elektrisches Spielzeug. 1 Box Niedlicher Elefant, der ein Dreirad mit Ball f\u00e4hrt. Musikalisches Spielzeug f\u00fcr Kinder. Geburtstagsgeschenk f\u00fcr Jungen und M\u00e4dchen"},"content":{"rendered":"<p><img loading=\"lazy\" decoding=\"async\" class=\"alignnone size-full wp-image-17170 aligncenter\" src=\"https:\/\/teal-lobster-750471.hostingersite.com\/wp-content\/uploads\/2026\/01\/Sd07780fec33349288e2e4bbfb842e4dfc.webp\" alt=\"\" width=\"800\" height=\"800\" \/><\/p>\n<p style=\"text-align: center;\"><img loading=\"lazy\" decoding=\"async\" class=\"alignnone size-full wp-image-17172\" src=\"https:\/\/teal-lobster-750471.hostingersite.com\/wp-content\/uploads\/2026\/01\/S4e1e6f10c02748049374fdc24eb1de12a.webp\" alt=\"\" width=\"800\" height=\"800\" \/><\/p>\n<p style=\"text-align: center;\"><img loading=\"lazy\" decoding=\"async\" class=\"alignnone size-full wp-image-17173\" src=\"https:\/\/teal-lobster-750471.hostingersite.com\/wp-content\/uploads\/2026\/01\/S6bbb8e0512dc4f54a953ea241d3dc386T.webp\" alt=\"\" width=\"800\" height=\"800\" \/><\/p>\n<p style=\"text-align: center;\"><img loading=\"lazy\" decoding=\"async\" class=\"alignnone size-full wp-image-17174\" src=\"https:\/\/teal-lobster-750471.hostingersite.com\/wp-content\/uploads\/2026\/01\/S6f85c1bb76814d6fbb8f9c4a31346996P.webp\" alt=\"\" width=\"800\" height=\"800\" \/><\/p>\n<p style=\"text-align: center;\"><img loading=\"lazy\" decoding=\"async\" class=\"alignnone size-full wp-image-17175\" src=\"https:\/\/teal-lobster-750471.hostingersite.com\/wp-content\/uploads\/2026\/01\/S10a2b5b962b2415fa28b456a4bfdd782e.webp\" alt=\"\" width=\"790\" height=\"895\" \/><\/p>\n<p style=\"text-align: center;\"><img loading=\"lazy\" decoding=\"async\" class=\"alignnone size-full wp-image-17176\" src=\"https:\/\/teal-lobster-750471.hostingersite.com\/wp-content\/uploads\/2026\/01\/S55d0b39e17fc4411860caaf0287872cdX.webp\" alt=\"\" width=\"800\" height=\"800\" \/><\/p>\n<p style=\"text-align: center;\"><img loading=\"lazy\" decoding=\"async\" class=\"alignnone size-full wp-image-17178\" src=\"https:\/\/teal-lobster-750471.hostingersite.com\/wp-content\/uploads\/2026\/01\/S0700edde633b4eb2932180aead3cb889R.webp\" alt=\"\" width=\"790\" height=\"827\" \/><\/p>\n<p><img loading=\"lazy\" decoding=\"async\" class=\"alignnone size-full wp-image-17180 aligncenter\" src=\"https:\/\/teal-lobster-750471.hostingersite.com\/wp-content\/uploads\/2026\/01\/Sc5aae7b495034bae88673a3348ff4130n.webp\" alt=\"\" width=\"800\" height=\"800\" \/><img loading=\"lazy\" decoding=\"async\" class=\"size-full wp-image-17171 aligncenter\" style=\"text-align: center;\" src=\"https:\/\/teal-lobster-750471.hostingersite.com\/wp-content\/uploads\/2026\/01\/S1af92c296f854082a9193c9976dd7214q.webp\" alt=\"\" width=\"1001\" height=\"1001\" \/><img loading=\"lazy\" decoding=\"async\" class=\"size-full wp-image-17177 aligncenter\" style=\"text-align: center;\" src=\"https:\/\/teal-lobster-750471.hostingersite.com\/wp-content\/uploads\/2026\/01\/S58d770ba1d204585975a38603b2681d4X.webp\" alt=\"\" width=\"1001\" height=\"1001\" \/><img loading=\"lazy\" decoding=\"async\" class=\"size-full wp-image-17179 aligncenter\" style=\"text-align: center;\" src=\"https:\/\/teal-lobster-750471.hostingersite.com\/wp-content\/uploads\/2026\/01\/Sa266d5962f864733bcdfa99c6ceee446A.webp\" alt=\"\" width=\"1001\" height=\"1001\" \/><\/p>\n<div class=\"elementor-widget-container\">\nProduktinformationen<\/p>\n<div class=\"product-table\">\n<div class=\"product-row\">\n<div class=\"product-label\">Besondere Merkmale<\/div>\n<div class=\"product-value\">Hieroglyphen-Design, Elektrischer Antrieb, Unzerbrechliche Konstruktion, Unkomplizierte Bedienung<\/div>\n<\/div>\n<div class=\"product-row\">\n<div class=\"product-label\"><strong>Farbe<\/strong><\/div>\n<div class=\"product-value\"><strong>Blau, Gelb<\/strong><\/div>\n<\/div>\n<div class=\"product-row\">\n<div class=\"product-label\"><strong>Marke<\/strong><\/div>\n<div class=\"product-value\"><strong>COSTWAY<\/strong><\/div>\n<\/div>\n<div class=\"product-row\">\n<div class=\"product-label\"><strong>Produktma\u00dfe<\/strong><\/div>\n<div class=\"product-value\"><strong>Kompakte Gr\u00f6\u00dfe, Handliche Form<\/strong><\/div>\n<\/div>\n<div class=\"product-row\">\n<div class=\"product-label\"><strong>Artikelgewicht<\/strong><\/div>\n<div class=\"product-value\"><strong>Leichtes, kinderfreundliches Gewicht<\/strong><\/div>\n<\/div>\n<div class=\"product-row\">\n<div class=\"product-label\"><strong>Enthaltene Komponenten<\/strong><\/div>\n<div class=\"product-value\"><strong>1 elektrisches Spielzeug mit Hieroglyphen-Design, 1 USB-Ladekabel, 1 Bedienungsanleitung<\/strong><\/div>\n<\/div>\n<div class=\"product-row\">\n<div class=\"product-label\"><strong>Hersteller<\/strong><\/div>\n<div class=\"product-value\"><strong>COSTWAY<\/strong><\/div>\n<\/div>\n<div class=\"product-row\">\n<div class=\"product-label\"><strong>ASIN<\/strong><\/div>\n<div class=\"product-value\"><strong>BOF6NM24WN<\/strong><\/div>\n<\/div>\n<div class=\"product-row\">\n<div class=\"product-label\"><strong>Produktmodellnummer<\/strong><\/div>\n<div class=\"product-value\"><strong>10064-CY<\/strong><\/div>\n<\/div>\n<div class=\"product-row\">\n<div class=\"product-label\"><strong>Durchschnittliche Kundenbewertung<\/strong><\/div>\n<div class=\"product-value\"><strong>4,3 \u2605\u2605\u2605\u2605\u2606 (312) 4,3 von 5 Sternen<\/strong><\/div>\n<\/div>\n<div class=\"product-row\">\n<div class=\"product-label\"><strong>Platzierung in den Amazon Bestsellern<\/strong><\/div>\n<div class=\"product-value\"><strong>Nr.14.087 in Spielzeug (Top 100 in Spielzeug anzeigen) Nr.4 in Elektrische Kinder-Spielzeuge<\/strong><\/div>\n<\/div>\n<div class=\"product-row\">\n<div class=\"product-label\"><strong>Produkt seit auf amazon.com<\/strong><\/div>\n<div class=\"product-value\"><strong>28. April 2025<\/strong><\/div>\n<\/div>\n<\/div>\n<style>\n.product-table {\nwidth: 100%;\nborder-top: 1px solid #000;\nfont-family: Arial, sans-serif;\n}\n.product-row {\ndisplay: flex;\nborder-bottom: 1px solid #000;\npadding: 12px 0;\n}\n.product-label {\nflex: 1;\nfont-weight: bold;\nmin-width: 200px;\npadding-right: 20px;\n}\n.product-value {\nflex: 1;\nmin-width: 200px;\n}\n<\/style>","protected":false},"excerpt":{"rendered":"<p>Produktinformationen Besondere Merkmale Hieroglyphen-Design, Elektrischer Antrieb, Unzerbrechliche Konstruktion, Unkomplizierte Bedienung Farbe Blau, Gelb Marke COSTWAY Produktma\u00dfe Kompakte Gr\u00f6\u00dfe, Handliche Form&#8230;<\/p>","protected":false},"featured_media":14421,"comment_status":"open","ping_status":"closed","template":"","meta":{"_acf_changed":false},"etheme_brands":[],"product_brand":[],"product_cat":[118],"product_tag":[],"class_list":{"0":"post-14418","1":"product","2":"type-product","3":"status-publish","4":"has-post-thumbnail","6":"product_cat-sale-shop","8":"first","9":"instock","10":"sale","11":"shipping-taxable","12":"purchasable","13":"product-type-variable","14":"has-default-attributes","15":"wvs-archive-product-wrapper"},"acf":[],"_links":{"self":[{"href":"https:\/\/perspectivehub.shop\/de\/wp-json\/wp\/v2\/product\/14418","targetHints":{"allow":["GET"]}}],"collection":[{"href":"https:\/\/perspectivehub.shop\/de\/wp-json\/wp\/v2\/product"}],"about":[{"href":"https:\/\/perspectivehub.shop\/de\/wp-json\/wp\/v2\/types\/product"}],"replies":[{"embeddable":true,"href":"https:\/\/perspectivehub.shop\/de\/wp-json\/wp\/v2\/comments?post=14418"}],"version-history":[{"count":1,"href":"https:\/\/perspectivehub.shop\/de\/wp-json\/wp\/v2\/product\/14418\/revisions"}],"predecessor-version":[{"id":14422,"href":"https:\/\/perspectivehub.shop\/de\/wp-json\/wp\/v2\/product\/14418\/revisions\/14422"}],"wp:featuredmedia":[{"embeddable":true,"href":"https:\/\/perspectivehub.shop\/de\/wp-json\/wp\/v2\/media\/14421"}],"wp:attachment":[{"href":"https:\/\/perspectivehub.shop\/de\/wp-json\/wp\/v2\/media?parent=14418"}],"wp:term":[{"taxonomy":"brand","embeddable":true,"href":"https:\/\/perspectivehub.shop\/de\/wp-json\/wp\/v2\/etheme_brands?post=14418"},{"taxonomy":"product_brand","embeddable":true,"href":"https:\/\/perspectivehub.shop\/de\/wp-json\/wp\/v2\/product_brand?post=14418"},{"taxonomy":"product_cat","embeddable":true,"href":"https:\/\/perspectivehub.shop\/de\/wp-json\/wp\/v2\/product_cat?post=14418"},{"taxonomy":"product_tag","embeddable":true,"href":"https:\/\/perspectivehub.shop\/de\/wp-json\/wp\/v2\/product_tag?post=14418"}],"curies":[{"name":"wp","href":"https:\/\/api.w.org\/{rel}","templated":true}]}}