{"id":14198,"date":"2026-01-28T06:33:56","date_gmt":"2026-01-28T06:33:56","guid":{"rendered":"https:\/\/perspectivehub.shop\/?post_type=product&#038;p=14198"},"modified":"2026-01-28T06:37:49","modified_gmt":"2026-01-28T06:37:49","slug":"toilet-paper-64-rolls-3-ply-cellulose-150-sheets-per-roll-white","status":"publish","type":"product","link":"https:\/\/perspectivehub.shop\/de\/produkt\/toilet-paper-64-rolls-3-ply-cellulose-150-sheets-per-roll-white\/","title":{"rendered":"Toilettenpapier, 64 Rollen, 3-lagig Zellstoff, 150 Blatt pro Rolle, Wei\u00df"},"content":{"rendered":"<p><img loading=\"lazy\" decoding=\"async\" class=\"size-full wp-image-16146 aligncenter\" src=\"https:\/\/teal-lobster-750471.hostingersite.com\/wp-content\/uploads\/2026\/01\/Sce036107a3f54359b7719f8cfeb12b66B-1.webp\" alt=\"\" width=\"1000\" height=\"1000\" \/><img loading=\"lazy\" decoding=\"async\" class=\"alignnone size-full wp-image-16124 aligncenter\" src=\"https:\/\/teal-lobster-750471.hostingersite.com\/wp-content\/uploads\/2026\/01\/712orICCUoL._AC_SL1500_.jpg\" alt=\"\" width=\"1181\" height=\"1500\" \/><\/p>\n<p style=\"text-align: center;\"><img loading=\"lazy\" decoding=\"async\" class=\"alignnone size-full wp-image-16126\" src=\"https:\/\/teal-lobster-750471.hostingersite.com\/wp-content\/uploads\/2026\/01\/S0fc3210c1fe34c88a45dfc135e543a055.webp\" alt=\"\" width=\"1500\" height=\"1500\" \/><\/p>\n<p style=\"text-align: center;\"><img loading=\"lazy\" decoding=\"async\" class=\"alignnone size-full wp-image-16128\" src=\"https:\/\/teal-lobster-750471.hostingersite.com\/wp-content\/uploads\/2026\/01\/S12c875076f91436b81217f4e7c66e7bdI.webp\" alt=\"\" width=\"1500\" height=\"1500\" \/><\/p>\n<p style=\"text-align: center;\"><img loading=\"lazy\" decoding=\"async\" class=\"alignnone size-full wp-image-16130\" src=\"https:\/\/teal-lobster-750471.hostingersite.com\/wp-content\/uploads\/2026\/01\/S31e74f4c720f4ffca6074139068454a8F.webp\" alt=\"\" width=\"1500\" height=\"1500\" \/><\/p>\n<p style=\"text-align: center;\"><img loading=\"lazy\" decoding=\"async\" class=\"alignnone size-full wp-image-16133\" src=\"https:\/\/teal-lobster-750471.hostingersite.com\/wp-content\/uploads\/2026\/01\/S50aa9b6cb6be4f2a9e8deb1116b2b46ck.webp\" alt=\"\" width=\"1500\" height=\"1500\" \/><\/p>\n<p style=\"text-align: center;\">\n<p style=\"text-align: center;\"><img loading=\"lazy\" decoding=\"async\" class=\"alignnone size-full wp-image-16137\" src=\"https:\/\/teal-lobster-750471.hostingersite.com\/wp-content\/uploads\/2026\/01\/Sd8933c19feb54022a35cab6b5ead3a57L.webp\" alt=\"\" width=\"1500\" height=\"1500\" \/><\/p>\n<p style=\"text-align: center;\">\n<p><img loading=\"lazy\" decoding=\"async\" class=\"alignnone size-full wp-image-16139 aligncenter\" src=\"https:\/\/teal-lobster-750471.hostingersite.com\/wp-content\/uploads\/2026\/01\/81wqFJbt-eL._AC_SL1500_.jpg\" alt=\"\" width=\"1497\" height=\"1500\" \/><\/p>\n<div class=\"elementor-widget-container\">\nProduktinformationen<\/p>\n<div class=\"product-table\">\n<div class=\"product-row\">\n<div class=\"product-label\">Besondere Merkmale<\/div>\n<div class=\"product-value\">Hohe Saugkraft, Starkes Abriebverhalten, Weiche Textur, Langanhaltende Nutzung, 64 Rollen Gro\u00dfpackung<\/div>\n<\/div>\n<div class=\"product-row\">\n<div class=\"product-label\"><strong>Farbe<\/strong><\/div>\n<div class=\"product-value\"><strong>Wei\u00df<\/strong><\/div>\n<\/div>\n<div class=\"product-row\">\n<div class=\"product-label\"><strong>Marke<\/strong><\/div>\n<div class=\"product-value\"><strong>COSTWAY<\/strong><\/div>\n<\/div>\n<div class=\"product-row\">\n<div class=\"product-label\"><strong>Produktma\u00dfe<\/strong><\/div>\n<div class=\"product-value\"><strong>Standardgr\u00f6\u00dfe, Kompakte Rollenform<\/strong><\/div>\n<\/div>\n<div class=\"product-row\">\n<div class=\"product-label\"><strong>Artikelgewicht<\/strong><\/div>\n<div class=\"product-value\"><strong>Optimiertes Gewicht, einfach zu transportieren und zu lagern<\/strong><\/div>\n<\/div>\n<div class=\"product-row\">\n<div class=\"product-label\"><strong>Enthaltene Komponenten<\/strong><\/div>\n<div class=\"product-value\"><strong>64 Rollen Toilettenpapier<\/strong><\/div>\n<\/div>\n<div class=\"product-row\">\n<div class=\"product-label\"><strong>Hersteller<\/strong><\/div>\n<div class=\"product-value\"><strong>COSTWAY<\/strong><\/div>\n<\/div>\n<div class=\"product-row\">\n<div class=\"product-label\"><strong>ASIN<\/strong><\/div>\n<div class=\"product-value\"><strong>BOF6NM24WN<\/strong><\/div>\n<\/div>\n<div class=\"product-row\">\n<div class=\"product-label\"><strong>Produktmodellnummer<\/strong><\/div>\n<div class=\"product-value\"><strong>10064-CY<\/strong><\/div>\n<\/div>\n<div class=\"product-row\">\n<div class=\"product-label\"><strong>Durchschnittliche Kundenbewertung<\/strong><\/div>\n<div class=\"product-value\"><strong>4,3 \u2605\u2605\u2605\u2605\u2606 (312) 4,3 von 5 Sternen<\/strong><\/div>\n<\/div>\n<div class=\"product-row\">\n<div class=\"product-label\"><strong>Platzierung in den Amazon Bestsellern<\/strong><\/div>\n<div class=\"product-value\"><strong>Nr.14.087 in Haushaltswaren (Top 100 in Haushaltswaren anzeigen) Nr.4 in Toilettenpapier Gro\u00dfpackungen<\/strong><\/div>\n<\/div>\n<div class=\"product-row\">\n<div class=\"product-label\"><strong>Produkt seit auf amazon.com<\/strong><\/div>\n<div class=\"product-value\"><strong>28. April 2025<\/strong><\/div>\n<\/div>\n<\/div>\n<style>\n.product-table {\nwidth: 100%;\nborder-top: 1px solid #000;\nfont-family: Arial, sans-serif;\n}\n.product-row {\ndisplay: flex;\nborder-bottom: 1px solid #000;\npadding: 12px 0;\n}\n.product-label {\nflex: 1;\nfont-weight: bold;\nmin-width: 200px;\npadding-right: 20px;\n}\n.product-value {\nflex: 1;\nmin-width: 200px;\n}\n<\/style>","protected":false},"excerpt":{"rendered":"<p>Produktinformationen Besondere Merkmale Hohe Saugkraft, Starkes Abriebverhalten, Weiche Textur, Langanhaltende Nutzung, 64 Rollen Gro\u00dfpackung Farbe Wei\u00df Marke COSTWAY Produktma\u00dfe Standardgr\u00f6\u00dfe,&#8230;<\/p>","protected":false},"featured_media":14199,"comment_status":"open","ping_status":"closed","template":"","meta":{"_acf_changed":false},"etheme_brands":[],"product_brand":[],"product_cat":[127,118],"product_tag":[],"class_list":{"0":"post-14198","1":"product","2":"type-product","3":"status-publish","4":"has-post-thumbnail","6":"product_cat-dao","7":"product_cat-sale-shop","9":"first","10":"instock","11":"sale","12":"shipping-taxable","13":"purchasable","14":"product-type-simple"},"acf":[],"_links":{"self":[{"href":"https:\/\/perspectivehub.shop\/de\/wp-json\/wp\/v2\/product\/14198","targetHints":{"allow":["GET"]}}],"collection":[{"href":"https:\/\/perspectivehub.shop\/de\/wp-json\/wp\/v2\/product"}],"about":[{"href":"https:\/\/perspectivehub.shop\/de\/wp-json\/wp\/v2\/types\/product"}],"replies":[{"embeddable":true,"href":"https:\/\/perspectivehub.shop\/de\/wp-json\/wp\/v2\/comments?post=14198"}],"version-history":[{"count":1,"href":"https:\/\/perspectivehub.shop\/de\/wp-json\/wp\/v2\/product\/14198\/revisions"}],"predecessor-version":[{"id":14200,"href":"https:\/\/perspectivehub.shop\/de\/wp-json\/wp\/v2\/product\/14198\/revisions\/14200"}],"wp:featuredmedia":[{"embeddable":true,"href":"https:\/\/perspectivehub.shop\/de\/wp-json\/wp\/v2\/media\/14199"}],"wp:attachment":[{"href":"https:\/\/perspectivehub.shop\/de\/wp-json\/wp\/v2\/media?parent=14198"}],"wp:term":[{"taxonomy":"brand","embeddable":true,"href":"https:\/\/perspectivehub.shop\/de\/wp-json\/wp\/v2\/etheme_brands?post=14198"},{"taxonomy":"product_brand","embeddable":true,"href":"https:\/\/perspectivehub.shop\/de\/wp-json\/wp\/v2\/product_brand?post=14198"},{"taxonomy":"product_cat","embeddable":true,"href":"https:\/\/perspectivehub.shop\/de\/wp-json\/wp\/v2\/product_cat?post=14198"},{"taxonomy":"product_tag","embeddable":true,"href":"https:\/\/perspectivehub.shop\/de\/wp-json\/wp\/v2\/product_tag?post=14198"}],"curies":[{"name":"wp","href":"https:\/\/api.w.org\/{rel}","templated":true}]}}