{"id":14142,"date":"2026-01-28T03:25:31","date_gmt":"2026-01-28T03:25:31","guid":{"rendered":"https:\/\/perspectivehub.shop\/?post_type=product&#038;p=14142"},"modified":"2026-01-28T09:18:44","modified_gmt":"2026-01-28T09:18:44","slug":"master-hand-shoulder-and-neck-massager-cervical-electric-real-hands-kneading-massage-with-heat-shiatsu-deep-tissue-pain-relief-for-shoulder-neck-back-muscle1pc","status":"publish","type":"product","link":"https:\/\/perspectivehub.shop\/de\/produkt\/master-hand-shoulder-and-neck-massager-cervical-electric-real-hands-kneading-massage-with-heat-shiatsu-deep-tissue-pain-relief-for-shoulder-neck-back-muscle1pc\/","title":{"rendered":"Master Hand-Schulter- und Nackenmassageger\u00e4t, elektrische Knetmassage mit W\u00e4rme, Shiatsu-Tiefengewebemassage f\u00fcr Schulter-Nacken-R\u00fcckenmuskulatur (1PC)"},"content":{"rendered":"<div data-elementor-type=\"product-post\" data-elementor-id=\"14142\" class=\"elementor elementor-14142\" data-elementor-post-type=\"product\">\n\t\t\t\t<div class=\"elementor-element elementor-element-58e7af6c e-flex e-con-boxed e-con e-parent\" data-id=\"58e7af6c\" data-element_type=\"container\" data-settings=\"{&quot;ekit_has_onepagescroll_dot&quot;:&quot;yes&quot;}\">\n\t\t\t\t\t<div class=\"e-con-inner\">\n\t\t\t\t<div class=\"elementor-element elementor-element-3a530b10 elementor-widget elementor-widget-image\" data-id=\"3a530b10\" data-element_type=\"widget\" data-settings=\"{&quot;ekit_we_effect_on&quot;:&quot;none&quot;}\" data-widget_type=\"image.default\">\n\t\t\t\t<div class=\"elementor-widget-container\">\n\t\t\t\t\t\t\t\t\t\t\t\t\t\t\t<img loading=\"lazy\" decoding=\"async\" width=\"970\" height=\"600\" src=\"https:\/\/perspectivehub.shop\/wp-content\/uploads\/2026\/01\/00a0c7cd-e4ea-4f2e-82e6-b9e81b01a4e5.__CR00970600_PT0_SX970_V1___.jpg\" class=\"attachment-full size-full wp-image-14316 wvs-archive-product-image\" alt=\"\" srcset=\"https:\/\/perspectivehub.shop\/wp-content\/uploads\/2026\/01\/00a0c7cd-e4ea-4f2e-82e6-b9e81b01a4e5.__CR00970600_PT0_SX970_V1___.jpg 970w, https:\/\/perspectivehub.shop\/wp-content\/uploads\/2026\/01\/00a0c7cd-e4ea-4f2e-82e6-b9e81b01a4e5.__CR00970600_PT0_SX970_V1___-300x186.jpg 300w, https:\/\/perspectivehub.shop\/wp-content\/uploads\/2026\/01\/00a0c7cd-e4ea-4f2e-82e6-b9e81b01a4e5.__CR00970600_PT0_SX970_V1___-768x475.jpg 768w, https:\/\/perspectivehub.shop\/wp-content\/uploads\/2026\/01\/00a0c7cd-e4ea-4f2e-82e6-b9e81b01a4e5.__CR00970600_PT0_SX970_V1___-18x12.jpg 18w, https:\/\/perspectivehub.shop\/wp-content\/uploads\/2026\/01\/00a0c7cd-e4ea-4f2e-82e6-b9e81b01a4e5.__CR00970600_PT0_SX970_V1___-600x371.jpg 600w, https:\/\/perspectivehub.shop\/wp-content\/uploads\/2026\/01\/00a0c7cd-e4ea-4f2e-82e6-b9e81b01a4e5.__CR00970600_PT0_SX970_V1___-1x1.jpg 1w, https:\/\/perspectivehub.shop\/wp-content\/uploads\/2026\/01\/00a0c7cd-e4ea-4f2e-82e6-b9e81b01a4e5.__CR00970600_PT0_SX970_V1___-10x6.jpg 10w\" sizes=\"auto, (max-width: 970px) 100vw, 970px\" \/>\t\t\t\t\t\t\t\t\t\t\t\t\t\t\t<\/div>\n\t\t\t\t<\/div>\n\t\t\t\t<div class=\"elementor-element elementor-element-13023214 elementor-widget elementor-widget-image\" data-id=\"13023214\" data-element_type=\"widget\" data-settings=\"{&quot;ekit_we_effect_on&quot;:&quot;none&quot;}\" data-widget_type=\"image.default\">\n\t\t\t\t<div class=\"elementor-widget-container\">\n\t\t\t\t\t\t\t\t\t\t\t\t\t\t\t<img loading=\"lazy\" decoding=\"async\" width=\"970\" height=\"600\" src=\"https:\/\/perspectivehub.shop\/wp-content\/uploads\/2026\/01\/2bae93a3-78f6-49d8-80b1-86ff9585304d.__CR00970600_PT0_SX970_V1___.jpg\" class=\"attachment-full size-full wp-image-14317 wvs-archive-product-image\" alt=\"\" srcset=\"https:\/\/perspectivehub.shop\/wp-content\/uploads\/2026\/01\/2bae93a3-78f6-49d8-80b1-86ff9585304d.__CR00970600_PT0_SX970_V1___.jpg 970w, https:\/\/perspectivehub.shop\/wp-content\/uploads\/2026\/01\/2bae93a3-78f6-49d8-80b1-86ff9585304d.__CR00970600_PT0_SX970_V1___-300x186.jpg 300w, https:\/\/perspectivehub.shop\/wp-content\/uploads\/2026\/01\/2bae93a3-78f6-49d8-80b1-86ff9585304d.__CR00970600_PT0_SX970_V1___-768x475.jpg 768w, https:\/\/perspectivehub.shop\/wp-content\/uploads\/2026\/01\/2bae93a3-78f6-49d8-80b1-86ff9585304d.__CR00970600_PT0_SX970_V1___-18x12.jpg 18w, https:\/\/perspectivehub.shop\/wp-content\/uploads\/2026\/01\/2bae93a3-78f6-49d8-80b1-86ff9585304d.__CR00970600_PT0_SX970_V1___-600x371.jpg 600w, https:\/\/perspectivehub.shop\/wp-content\/uploads\/2026\/01\/2bae93a3-78f6-49d8-80b1-86ff9585304d.__CR00970600_PT0_SX970_V1___-1x1.jpg 1w, https:\/\/perspectivehub.shop\/wp-content\/uploads\/2026\/01\/2bae93a3-78f6-49d8-80b1-86ff9585304d.__CR00970600_PT0_SX970_V1___-10x6.jpg 10w\" sizes=\"auto, (max-width: 970px) 100vw, 970px\" \/>\t\t\t\t\t\t\t\t\t\t\t\t\t\t\t<\/div>\n\t\t\t\t<\/div>\n\t\t\t\t<div class=\"elementor-element elementor-element-f13c707 elementor-widget elementor-widget-image\" data-id=\"f13c707\" data-element_type=\"widget\" data-settings=\"{&quot;ekit_we_effect_on&quot;:&quot;none&quot;}\" data-widget_type=\"image.default\">\n\t\t\t\t<div class=\"elementor-widget-container\">\n\t\t\t\t\t\t\t\t\t\t\t\t\t\t\t<img loading=\"lazy\" decoding=\"async\" width=\"970\" height=\"600\" src=\"https:\/\/perspectivehub.shop\/wp-content\/uploads\/2026\/01\/2889ba67-0be9-4ed3-8a2b-c8297d394a5c.__CR00970600_PT0_SX970_V1___.jpg\" class=\"attachment-full size-full wp-image-14318 wvs-archive-product-image\" alt=\"\" srcset=\"https:\/\/perspectivehub.shop\/wp-content\/uploads\/2026\/01\/2889ba67-0be9-4ed3-8a2b-c8297d394a5c.__CR00970600_PT0_SX970_V1___.jpg 970w, https:\/\/perspectivehub.shop\/wp-content\/uploads\/2026\/01\/2889ba67-0be9-4ed3-8a2b-c8297d394a5c.__CR00970600_PT0_SX970_V1___-300x186.jpg 300w, https:\/\/perspectivehub.shop\/wp-content\/uploads\/2026\/01\/2889ba67-0be9-4ed3-8a2b-c8297d394a5c.__CR00970600_PT0_SX970_V1___-768x475.jpg 768w, https:\/\/perspectivehub.shop\/wp-content\/uploads\/2026\/01\/2889ba67-0be9-4ed3-8a2b-c8297d394a5c.__CR00970600_PT0_SX970_V1___-18x12.jpg 18w, https:\/\/perspectivehub.shop\/wp-content\/uploads\/2026\/01\/2889ba67-0be9-4ed3-8a2b-c8297d394a5c.__CR00970600_PT0_SX970_V1___-600x371.jpg 600w, https:\/\/perspectivehub.shop\/wp-content\/uploads\/2026\/01\/2889ba67-0be9-4ed3-8a2b-c8297d394a5c.__CR00970600_PT0_SX970_V1___-1x1.jpg 1w, https:\/\/perspectivehub.shop\/wp-content\/uploads\/2026\/01\/2889ba67-0be9-4ed3-8a2b-c8297d394a5c.__CR00970600_PT0_SX970_V1___-10x6.jpg 10w\" sizes=\"auto, (max-width: 970px) 100vw, 970px\" \/>\t\t\t\t\t\t\t\t\t\t\t\t\t\t\t<\/div>\n\t\t\t\t<\/div>\n\t\t\t\t<div class=\"elementor-element elementor-element-778aca9f elementor-widget elementor-widget-image\" data-id=\"778aca9f\" data-element_type=\"widget\" data-settings=\"{&quot;ekit_we_effect_on&quot;:&quot;none&quot;}\" data-widget_type=\"image.default\">\n\t\t\t\t<div class=\"elementor-widget-container\">\n\t\t\t\t\t\t\t\t\t\t\t\t\t\t\t<img loading=\"lazy\" decoding=\"async\" width=\"970\" height=\"600\" src=\"https:\/\/perspectivehub.shop\/wp-content\/uploads\/2026\/01\/ca356ea3-7de1-4c47-b5e1-35291772b85b.__CR00970600_PT0_SX970_V1___.jpg\" class=\"attachment-full size-full wp-image-14319 wvs-archive-product-image\" alt=\"\" srcset=\"https:\/\/perspectivehub.shop\/wp-content\/uploads\/2026\/01\/ca356ea3-7de1-4c47-b5e1-35291772b85b.__CR00970600_PT0_SX970_V1___.jpg 970w, https:\/\/perspectivehub.shop\/wp-content\/uploads\/2026\/01\/ca356ea3-7de1-4c47-b5e1-35291772b85b.__CR00970600_PT0_SX970_V1___-300x186.jpg 300w, https:\/\/perspectivehub.shop\/wp-content\/uploads\/2026\/01\/ca356ea3-7de1-4c47-b5e1-35291772b85b.__CR00970600_PT0_SX970_V1___-768x475.jpg 768w, https:\/\/perspectivehub.shop\/wp-content\/uploads\/2026\/01\/ca356ea3-7de1-4c47-b5e1-35291772b85b.__CR00970600_PT0_SX970_V1___-18x12.jpg 18w, https:\/\/perspectivehub.shop\/wp-content\/uploads\/2026\/01\/ca356ea3-7de1-4c47-b5e1-35291772b85b.__CR00970600_PT0_SX970_V1___-600x371.jpg 600w, https:\/\/perspectivehub.shop\/wp-content\/uploads\/2026\/01\/ca356ea3-7de1-4c47-b5e1-35291772b85b.__CR00970600_PT0_SX970_V1___-1x1.jpg 1w, https:\/\/perspectivehub.shop\/wp-content\/uploads\/2026\/01\/ca356ea3-7de1-4c47-b5e1-35291772b85b.__CR00970600_PT0_SX970_V1___-10x6.jpg 10w\" sizes=\"auto, (max-width: 970px) 100vw, 970px\" \/>\t\t\t\t\t\t\t\t\t\t\t\t\t\t\t<\/div>\n\t\t\t\t<\/div>\n\t\t\t\t<div class=\"elementor-element elementor-element-14ea52b9 elementor-widget elementor-widget-image\" data-id=\"14ea52b9\" data-element_type=\"widget\" data-settings=\"{&quot;ekit_we_effect_on&quot;:&quot;none&quot;}\" data-widget_type=\"image.default\">\n\t\t\t\t<div class=\"elementor-widget-container\">\n\t\t\t\t\t\t\t\t\t\t\t\t\t\t\t<img loading=\"lazy\" decoding=\"async\" width=\"970\" height=\"600\" src=\"https:\/\/perspectivehub.shop\/wp-content\/uploads\/2026\/01\/cf8dd133-ef55-4da0-9fd6-eca46cf6627d.__CR00970600_PT0_SX970_V1___.jpg\" class=\"attachment-full size-full wp-image-14320 wvs-archive-product-image\" alt=\"\" srcset=\"https:\/\/perspectivehub.shop\/wp-content\/uploads\/2026\/01\/cf8dd133-ef55-4da0-9fd6-eca46cf6627d.__CR00970600_PT0_SX970_V1___.jpg 970w, https:\/\/perspectivehub.shop\/wp-content\/uploads\/2026\/01\/cf8dd133-ef55-4da0-9fd6-eca46cf6627d.__CR00970600_PT0_SX970_V1___-300x186.jpg 300w, https:\/\/perspectivehub.shop\/wp-content\/uploads\/2026\/01\/cf8dd133-ef55-4da0-9fd6-eca46cf6627d.__CR00970600_PT0_SX970_V1___-768x475.jpg 768w, https:\/\/perspectivehub.shop\/wp-content\/uploads\/2026\/01\/cf8dd133-ef55-4da0-9fd6-eca46cf6627d.__CR00970600_PT0_SX970_V1___-18x12.jpg 18w, https:\/\/perspectivehub.shop\/wp-content\/uploads\/2026\/01\/cf8dd133-ef55-4da0-9fd6-eca46cf6627d.__CR00970600_PT0_SX970_V1___-600x371.jpg 600w, https:\/\/perspectivehub.shop\/wp-content\/uploads\/2026\/01\/cf8dd133-ef55-4da0-9fd6-eca46cf6627d.__CR00970600_PT0_SX970_V1___-1x1.jpg 1w, https:\/\/perspectivehub.shop\/wp-content\/uploads\/2026\/01\/cf8dd133-ef55-4da0-9fd6-eca46cf6627d.__CR00970600_PT0_SX970_V1___-10x6.jpg 10w\" sizes=\"auto, (max-width: 970px) 100vw, 970px\" \/>\t\t\t\t\t\t\t\t\t\t\t\t\t\t\t<\/div>\n\t\t\t\t<\/div>\n\t\t\t\t<div class=\"elementor-element elementor-element-11b96836 elementor-widget elementor-widget-image\" data-id=\"11b96836\" data-element_type=\"widget\" data-settings=\"{&quot;ekit_we_effect_on&quot;:&quot;none&quot;}\" data-widget_type=\"image.default\">\n\t\t\t\t<div class=\"elementor-widget-container\">\n\t\t\t\t\t\t\t\t\t\t\t\t\t\t\t<img loading=\"lazy\" decoding=\"async\" width=\"970\" height=\"600\" src=\"https:\/\/perspectivehub.shop\/wp-content\/uploads\/2026\/01\/12fc927c-e919-4ee6-b8bd-a417ddfe0769.__CR00970600_PT0_SX970_V1___.jpg\" class=\"attachment-full size-full wp-image-14321 wvs-archive-product-image\" alt=\"\" srcset=\"https:\/\/perspectivehub.shop\/wp-content\/uploads\/2026\/01\/12fc927c-e919-4ee6-b8bd-a417ddfe0769.__CR00970600_PT0_SX970_V1___.jpg 970w, https:\/\/perspectivehub.shop\/wp-content\/uploads\/2026\/01\/12fc927c-e919-4ee6-b8bd-a417ddfe0769.__CR00970600_PT0_SX970_V1___-300x186.jpg 300w, https:\/\/perspectivehub.shop\/wp-content\/uploads\/2026\/01\/12fc927c-e919-4ee6-b8bd-a417ddfe0769.__CR00970600_PT0_SX970_V1___-768x475.jpg 768w, https:\/\/perspectivehub.shop\/wp-content\/uploads\/2026\/01\/12fc927c-e919-4ee6-b8bd-a417ddfe0769.__CR00970600_PT0_SX970_V1___-18x12.jpg 18w, https:\/\/perspectivehub.shop\/wp-content\/uploads\/2026\/01\/12fc927c-e919-4ee6-b8bd-a417ddfe0769.__CR00970600_PT0_SX970_V1___-600x371.jpg 600w, https:\/\/perspectivehub.shop\/wp-content\/uploads\/2026\/01\/12fc927c-e919-4ee6-b8bd-a417ddfe0769.__CR00970600_PT0_SX970_V1___-1x1.jpg 1w, https:\/\/perspectivehub.shop\/wp-content\/uploads\/2026\/01\/12fc927c-e919-4ee6-b8bd-a417ddfe0769.__CR00970600_PT0_SX970_V1___-10x6.jpg 10w\" sizes=\"auto, (max-width: 970px) 100vw, 970px\" \/>\t\t\t\t\t\t\t\t\t\t\t\t\t\t\t<\/div>\n\t\t\t\t<\/div>\n\t\t\t\t<div class=\"elementor-element elementor-element-62bb593a elementor-widget elementor-widget-text-editor\" data-id=\"62bb593a\" data-element_type=\"widget\" data-settings=\"{&quot;ekit_we_effect_on&quot;:&quot;none&quot;}\" data-widget_type=\"text-editor.default\">\n\t\t\t\t<div class=\"elementor-widget-container\">\n\t\t\t\t\t\t\t\t\t<!DOCTYPE html>\n<html lang=\"en\">\n<head>\n    <meta charset=\"UTF-8\">\n    <meta name=\"viewport\" content=\"width=device-width, initial-scale=1.0\">\n    <title>Product Details<\/title>\n    <style>\n        * {\n            margin: 0;\n            padding: 0;\n            box-sizing: border-box;\n            font-family: Arial, sans-serif;\n        }\n        \n        body {\n            padding: 20px;\n            color: #333;\n            line-height: 1.5;\n        }\n        \n        .container {\n            max-width: 1000px;\n            margin: 0 auto;\n        }\n        \n        .header {\n            margin-bottom: 20px;\n            padding-bottom: 10px;\n            border-bottom: 2px solid #333;\n        }\n        \n        .header h1 {\n            font-size: 24px;\n            font-weight: normal;\n        }\n        \n        .product-table {\n            width: 100%;\n            border-collapse: collapse;\n        }\n        \n        .product-row {\n            border-bottom: 1px solid #ddd;\n        }\n        \n        .product-row:last-child {\n            border-bottom: none;\n        }\n        \n        .product-label, .product-value {\n            padding: 14px 0;\n            text-align: left;\n            vertical-align: top;\n            font-size: 15px;\n        }\n        \n        .product-label {\n            width: 35%;\n            font-weight: bold;\n        }\n        \n        .product-value {\n            width: 65%;\n        }\n        \n        .rank-item {\n            display: block;\n            margin-bottom: 6px;\n        }\n        \n        .rank-item:last-child {\n            margin-bottom: 0;\n        }\n        \n        .footer {\n            margin-top: 30px;\n            padding-top: 15px;\n            border-top: 1px solid #ddd;\n            font-size: 13px;\n            color: #777;\n        }\n        \n        @media (max-width: 768px) {\n            body {\n                padding: 15px;\n            }\n            \n            .product-label, .product-value {\n                padding: 12px 0;\n                font-size: 14px;\n            }\n            \n            .header {\n                margin-bottom: 15px;\n            }\n            \n            .header h1 {\n                font-size: 22px;\n            }\n        }\n        \n        @media (max-width: 576px) {\n            .product-label, .product-value {\n                display: block;\n                width: 100%;\n            }\n            \n            .product-label {\n                padding-bottom: 4px;\n                font-weight: bold;\n            }\n            \n            .product-value {\n                padding-top: 4px;\n                padding-bottom: 12px;\n            }\n            \n            .product-row {\n                border-bottom: 1px solid #ddd;\n            }\n        }\n    <\/style>\n<\/head>\n<body>\n    <div class=\"container\">\n        <div class=\"header\">\n            <h1>Produkt-Details<\/h1>\n        <\/div>\n        \n        <table class=\"product-table\">\n            <tbody>\n                <tr class=\"product-row\">\n                    <td class=\"product-label\">Produkt Abmessungen<\/td>\n                    <td class=\"product-value\">6,7 x 5,5 x 7,8 Zoll; 11,52 Unzen<\/td>\n                <\/tr>\n                <tr class=\"product-row\">\n                    <td class=\"product-label\">Modellnummer des Artikels<\/td>\n                    <td class=\"product-value\">JJANY12334<\/td>\n                <\/tr>\n                <tr class=\"product-row\">\n                    <td class=\"product-label\">Batterien<\/td>\n                    <td class=\"product-value\">1 AAA-Batterie erforderlich (mitgeliefert)<\/td>\n                <\/tr>\n                <tr class=\"product-row\">\n                    <td class=\"product-label\">Datum Erstmals verf\u00fcgbar<\/td>\n                    <td class=\"product-value\">Oktober 9, 2025<\/td>\n                <\/tr>\n                <tr class=\"product-row\">\n                    <td class=\"product-label\">ASIN<\/td>\n                    <td class=\"product-value\">B0FVDP4BDQ<\/td>\n                <\/tr>\n                <tr class=\"product-row\">\n                    <td class=\"product-label\">Meistverkaufter Rang<\/td>\n                    <td class=\"product-value\">\n                        <span class=\"rank-item\">#89.787 in Gesundheit &amp; Haushalt (Siehe Top 100 in Gesundheit &amp; Haushalt)<\/span>\n                        <span class=\"rank-item\">#414 in Elektrische R\u00fcckenmassageger\u00e4te<\/span>\n                        <span class=\"rank-item\">#21,743 in Gesundheitspflegeprodukte<\/span>\n                    <\/td>\n                <\/tr>\n            <\/tbody>\n        <\/table>\n        \n        <div class=\"footer\">\n            <p>Die Produktinformationen basieren auf den Angaben des Herstellers. Preise und Verf\u00fcgbarkeit k\u00f6nnen sich \u00e4ndern.<\/p>\n        <\/div>\n    <\/div>\n<\/body>\n<\/html>\t\t\t\t\t\t\t\t<\/div>\n\t\t\t\t<\/div>\n\t\t\t\t\t<\/div>\n\t\t\t\t<\/div>\n\t\t\t\t<\/div>","protected":false},"excerpt":{"rendered":"<p>Product Details Product Details Product Dimensions 6.7 x 5.5 x 7.8 inches; 11.52 ounces Item model number JJANY12334 Batteries 1&#8230;<\/p>","protected":false},"featured_media":14143,"comment_status":"open","ping_status":"closed","template":"","meta":{"_acf_changed":false},"etheme_brands":[],"product_brand":[],"product_cat":[118],"product_tag":[],"class_list":{"0":"post-14142","1":"product","2":"type-product","3":"status-publish","4":"has-post-thumbnail","6":"product_cat-sale-shop","8":"first","9":"instock","10":"sale","11":"shipping-taxable","12":"purchasable","13":"product-type-simple"},"acf":[],"_links":{"self":[{"href":"https:\/\/perspectivehub.shop\/de\/wp-json\/wp\/v2\/product\/14142","targetHints":{"allow":["GET"]}}],"collection":[{"href":"https:\/\/perspectivehub.shop\/de\/wp-json\/wp\/v2\/product"}],"about":[{"href":"https:\/\/perspectivehub.shop\/de\/wp-json\/wp\/v2\/types\/product"}],"replies":[{"embeddable":true,"href":"https:\/\/perspectivehub.shop\/de\/wp-json\/wp\/v2\/comments?post=14142"}],"version-history":[{"count":4,"href":"https:\/\/perspectivehub.shop\/de\/wp-json\/wp\/v2\/product\/14142\/revisions"}],"predecessor-version":[{"id":14329,"href":"https:\/\/perspectivehub.shop\/de\/wp-json\/wp\/v2\/product\/14142\/revisions\/14329"}],"wp:featuredmedia":[{"embeddable":true,"href":"https:\/\/perspectivehub.shop\/de\/wp-json\/wp\/v2\/media\/14143"}],"wp:attachment":[{"href":"https:\/\/perspectivehub.shop\/de\/wp-json\/wp\/v2\/media?parent=14142"}],"wp:term":[{"taxonomy":"brand","embeddable":true,"href":"https:\/\/perspectivehub.shop\/de\/wp-json\/wp\/v2\/etheme_brands?post=14142"},{"taxonomy":"product_brand","embeddable":true,"href":"https:\/\/perspectivehub.shop\/de\/wp-json\/wp\/v2\/product_brand?post=14142"},{"taxonomy":"product_cat","embeddable":true,"href":"https:\/\/perspectivehub.shop\/de\/wp-json\/wp\/v2\/product_cat?post=14142"},{"taxonomy":"product_tag","embeddable":true,"href":"https:\/\/perspectivehub.shop\/de\/wp-json\/wp\/v2\/product_tag?post=14142"}],"curies":[{"name":"wp","href":"https:\/\/api.w.org\/{rel}","templated":true}]}}