{"id":14082,"date":"2026-01-28T01:55:44","date_gmt":"2026-01-28T01:55:44","guid":{"rendered":"https:\/\/perspectivehub.shop\/?post_type=product&#038;p=14082"},"modified":"2026-01-28T01:57:42","modified_gmt":"2026-01-28T01:57:42","slug":"chicasa-taschenfederkernmatratze-luxuriose-7-zonen-matratze-hoher-komfort-h3-h4-10-schichten-25-cm-hohe","status":"publish","type":"product","link":"https:\/\/perspectivehub.shop\/de\/produkt\/chicasa-taschenfederkernmatratze-luxuriose-7-zonen-matratze-hoher-komfort-h3-h4-10-schichten-25-cm-hohe\/","title":{"rendered":"CHICASA Taschenfederkernmatratze - Luxuri\u00f6se 7-Zonen Matratze, hoher Komfort, H3\/H4, 10 Schichten, 25 cm H\u00f6he"},"content":{"rendered":"<p style=\"text-align: center;\"><img loading=\"lazy\" decoding=\"async\" class=\"alignnone size-full wp-image-16016\" src=\"https:\/\/teal-lobster-750471.hostingersite.com\/wp-content\/uploads\/2026\/01\/S7b277e9cc6144e03bb07e4a3b0067cedR.webp\" alt=\"\" width=\"1000\" height=\"1000\" \/> <img loading=\"lazy\" decoding=\"async\" class=\"alignnone size-full wp-image-16017\" src=\"https:\/\/teal-lobster-750471.hostingersite.com\/wp-content\/uploads\/2026\/01\/S9e7fb7f2862d4529817b4747ce2e1259x.webp\" alt=\"\" width=\"1000\" height=\"1000\" \/> <img loading=\"lazy\" decoding=\"async\" class=\"alignnone size-full wp-image-16018\" src=\"https:\/\/teal-lobster-750471.hostingersite.com\/wp-content\/uploads\/2026\/01\/S1339b6ff170241ae81f94a279e8b98dc6.webp\" alt=\"\" width=\"1000\" height=\"1000\" \/> <img loading=\"lazy\" decoding=\"async\" class=\"alignnone size-full wp-image-16019\" src=\"https:\/\/teal-lobster-750471.hostingersite.com\/wp-content\/uploads\/2026\/01\/Sc9fdf79a6b944b54a033cdf1e3f17b51Q.webp\" alt=\"\" width=\"1000\" height=\"1000\" \/> <img loading=\"lazy\" decoding=\"async\" class=\"alignnone size-full wp-image-16020\" src=\"https:\/\/teal-lobster-750471.hostingersite.com\/wp-content\/uploads\/2026\/01\/Sff7fcd87f9564cfa9af6ceda994bdc43z.webp\" alt=\"\" width=\"1000\" height=\"1000\" \/> <img loading=\"lazy\" decoding=\"async\" class=\"alignnone size-full wp-image-16021\" src=\"https:\/\/teal-lobster-750471.hostingersite.com\/wp-content\/uploads\/2026\/01\/71pJ91AvlL._AC_SL1500_.jpg\" alt=\"\" width=\"1500\" height=\"1370\" \/> <img loading=\"lazy\" decoding=\"async\" class=\"alignnone size-full wp-image-16022\" src=\"https:\/\/teal-lobster-750471.hostingersite.com\/wp-content\/uploads\/2026\/01\/71xAMX3gN3L._AC_SL1500_.jpg\" alt=\"\" width=\"1500\" height=\"1500\" \/><\/p>\n<div class=\"elementor-widget-container\">\n# Produktinformationen<\/p>\n<div class=\"product-table\">\n<div class=\"product-row\">\n<div class=\"product-label\">Besondere Merkmale<\/div>\n<div class=\"product-value\">Atmungsaktives Material, Lumbale Unterst\u00fctzung, Weich-komfortabel, Abnehmbar &amp; Waschbar, Anti-Rutsch-Unterseite, Passend f\u00fcr verschiedene Matratzengr\u00f6\u00dfen, Hypoallergen<\/div>\n<\/div>\n<div class=\"product-row\">\n<div class=\"product-label\"><strong>Farbe<\/strong><\/div>\n<div class=\"product-value\"><strong>Grau, Beige, Wei\u00df<\/strong><\/div>\n<\/div>\n<div class=\"product-row\">\n<div class=\"product-label\"><strong>Marke<\/strong><\/div>\n<div class=\"product-value\"><strong>CHICASA<\/strong><\/div>\n<\/div>\n<div class=\"product-row\">\n<div class=\"product-label\"><strong>Produktma\u00dfe<\/strong><\/div>\n<div class=\"product-value\"><strong>40 x 60 cm (Standard), Passend f\u00fcr Einzel- &amp; Doppelm\u00e4 bel, Dichte: 8 cm<\/strong><\/div>\n<\/div>\n<div class=\"product-row\">\n<div class=\"product-label\"><strong>Artikelgewicht<\/strong><\/div>\n<div class=\"product-value\"><strong>ca. 1,5 kg, leicht zu transportieren und zu reinigen<\/strong><\/div>\n<\/div>\n<div class=\"product-row\">\n<div class=\"product-label\"><strong>Enthaltene Komponenten<\/strong><\/div>\n<div class=\"product-value\"><strong>1 x CHICASA Kissenkernmatratze, 1 x Abnehmbarer Bezug, 1 x Gebrauchsanweisung<\/strong><\/div>\n<\/div>\n<div class=\"product-row\">\n<div class=\"product-label\"><strong>Hersteller<\/strong><\/div>\n<div class=\"product-value\"><strong>CHICASA<\/strong><\/div>\n<\/div>\n<div class=\"product-row\">\n<div class=\"product-label\"><strong>ASIN<\/strong><\/div>\n<div class=\"product-value\"><strong>B0F9ZR87KM<\/strong><\/div>\n<\/div>\n<div class=\"product-row\">\n<div class=\"product-label\"><strong>Produktmodellnummer<\/strong><\/div>\n<div class=\"product-value\"><strong>CM-K01<\/strong><\/div>\n<\/div>\n<div class=\"product-row\">\n<div class=\"product-label\"><strong>Durchschnittliche Kundenbewertung<\/strong><\/div>\n<div class=\"product-value\"><strong>4,6 \u2605\u2605\u2605\u2605\u2605 (358) 4,6 von 5 Sternen<\/strong><\/div>\n<\/div>\n<div class=\"product-row\">\n<div class=\"product-label\"><strong>Platzierung in den Amazon Bestsellern<\/strong><\/div>\n<div class=\"product-value\"><strong>Nr.9.216 in Heimtextilien (Top 40 in Matratzenkissen) Nr.3 in Lumbalkissen f\u00fcr Schlafen<\/strong><\/div>\n<\/div>\n<div class=\"product-row\">\n<div class=\"product-label\"><strong>Produkt seit auf amazon.com<\/strong><\/div>\n<div class=\"product-value\"><strong>12. September 2025<\/strong><\/div>\n<\/div>\n<\/div>\n<style>\n.product-table {\nwidth: 100%;\nborder-top: 1px solid #000;\nfont-family: Arial, sans-serif;\n}\n.product-row {\ndisplay: flex;\nborder-bottom: 1px solid #000;\npadding: 12px 0;\n}\n.product-label {\nflex: 1;\nfont-weight: bold;\nmin-width: 200px;\npadding-right: 20px;\n}\n.product-value {\nflex: 1;\nmin-width: 200px;\n}\n<\/style>\n<\/div>","protected":false},"excerpt":{"rendered":"<p># Produktinformationen Besondere Merkmale Atmungsaktives Material, Lumbale Unterst\u00fctzung, Weich-komfortabel, Abnehmbar &#038; Waschbar, Anti-Rutsch-Unterseite, Passend f\u00fcr verschiedene Matratzengr\u00f6\u00dfen, Hypoallergen Farbe Grau,&#8230;<\/p>","protected":false},"featured_media":14083,"comment_status":"open","ping_status":"closed","template":"","meta":{"_acf_changed":false},"etheme_brands":[],"product_brand":[],"product_cat":[127,118],"product_tag":[],"class_list":{"0":"post-14082","1":"product","2":"type-product","3":"status-publish","4":"has-post-thumbnail","6":"product_cat-dao","7":"product_cat-sale-shop","9":"first","10":"instock","11":"sale","12":"shipping-taxable","13":"purchasable","14":"product-type-simple"},"acf":[],"_links":{"self":[{"href":"https:\/\/perspectivehub.shop\/de\/wp-json\/wp\/v2\/product\/14082","targetHints":{"allow":["GET"]}}],"collection":[{"href":"https:\/\/perspectivehub.shop\/de\/wp-json\/wp\/v2\/product"}],"about":[{"href":"https:\/\/perspectivehub.shop\/de\/wp-json\/wp\/v2\/types\/product"}],"replies":[{"embeddable":true,"href":"https:\/\/perspectivehub.shop\/de\/wp-json\/wp\/v2\/comments?post=14082"}],"version-history":[{"count":1,"href":"https:\/\/perspectivehub.shop\/de\/wp-json\/wp\/v2\/product\/14082\/revisions"}],"predecessor-version":[{"id":14084,"href":"https:\/\/perspectivehub.shop\/de\/wp-json\/wp\/v2\/product\/14082\/revisions\/14084"}],"wp:featuredmedia":[{"embeddable":true,"href":"https:\/\/perspectivehub.shop\/de\/wp-json\/wp\/v2\/media\/14083"}],"wp:attachment":[{"href":"https:\/\/perspectivehub.shop\/de\/wp-json\/wp\/v2\/media?parent=14082"}],"wp:term":[{"taxonomy":"brand","embeddable":true,"href":"https:\/\/perspectivehub.shop\/de\/wp-json\/wp\/v2\/etheme_brands?post=14082"},{"taxonomy":"product_brand","embeddable":true,"href":"https:\/\/perspectivehub.shop\/de\/wp-json\/wp\/v2\/product_brand?post=14082"},{"taxonomy":"product_cat","embeddable":true,"href":"https:\/\/perspectivehub.shop\/de\/wp-json\/wp\/v2\/product_cat?post=14082"},{"taxonomy":"product_tag","embeddable":true,"href":"https:\/\/perspectivehub.shop\/de\/wp-json\/wp\/v2\/product_tag?post=14082"}],"curies":[{"name":"wp","href":"https:\/\/api.w.org\/{rel}","templated":true}]}}